{"id":449,"date":"2024-11-14T12:00:27","date_gmt":"2024-11-14T15:00:27","guid":{"rendered":"http:\/\/fc167bf8a6.nxcli.io\/?post_type=product&#038;p=449"},"modified":"2024-12-04T15:20:26","modified_gmt":"2024-12-04T18:20:26","slug":"english-for-travellers","status":"publish","type":"product","link":"https:\/\/languagesolutions.com.ar\/en\/product\/english-for-travellers\/","title":{"rendered":"English for Travellers"},"content":{"rendered":"","protected":false},"excerpt":{"rendered":"<h3><strong>ENGLISH FOR TRAVELERS<\/strong><\/h3>\n<p><strong>English for Travelers<\/strong> either <strong>&#039;English for Travellers&#039;<\/strong> It is a course designed especially for those who wish to <strong>communicate with confidence<\/strong> during his travels. With <strong>classes accessible at any time<\/strong>, this program will provide you with the <strong>vocabulary<\/strong> and the <strong>essential expressions<\/strong> to develop yourself in <strong>everyday situations<\/strong>, from the <strong>airport<\/strong> until the <strong>interaction with locals<\/strong> at your destination. In addition to content <strong>practical<\/strong>, you will learn about the <strong>culture<\/strong> and the <strong>language customs<\/strong>, which will enrich your <strong>travel experience<\/strong>. Equipped with <strong>technological tools<\/strong>, this course offers you <strong>real examples<\/strong> and situations that will prepare you to enjoy each one to the fullest. <strong>adventure without language barriers<\/strong>.<\/p>","protected":false},"featured_media":577,"template":"","meta":{"_acf_changed":false},"product_brand":[],"product_cat":[70,74,72,71],"product_tag":[],"class_list":{"0":"post-449","1":"product","2":"type-product","3":"status-publish","4":"has-post-thumbnail","6":"product_cat-adultos","7":"product_cat-cursos-de-verano","8":"product_cat-todos","9":"product_cat-travelles","11":"first","12":"instock","13":"shipping-taxable","14":"product-type-simple"},"acf":[],"yoast_head":"<!-- This site is optimized with the Yoast SEO plugin v26.4 - https:\/\/yoast.com\/wordpress\/plugins\/seo\/ -->\n<title>English for Travellers - Language Solutions<\/title>\n<meta name=\"robots\" content=\"index, follow, max-snippet:-1, max-image-preview:large, max-video-preview:-1\" \/>\n<link rel=\"canonical\" href=\"https:\/\/languagesolutions.com.ar\/en\/product\/english-for-travellers\/\" \/>\n<meta property=\"og:locale\" content=\"en_US\" \/>\n<meta property=\"og:type\" content=\"article\" \/>\n<meta property=\"og:title\" content=\"English for Travellers - Language Solutions\" \/>\n<meta property=\"og:description\" content=\"INGL\u00c9S PARA VIAJEROS Ingl\u00e9s para Viajeros o &#039;English for Travellers&#039; es un curso dise\u00f1ado especialmente para quienes desean comunicarse con confianza durante sus viajes. Con clases accesibles en cualquier momento, este programa te proporcionar\u00e1 el vocabulario y las expresiones esenciales para desenvolverte en situaciones cotidianas, desde el aeropuerto hasta la interacci\u00f3n con locales en tu destino. Adem\u00e1s de contenido pr\u00e1ctico, aprender\u00e1s sobre la cultura y las costumbres del idioma, lo que enriquecer\u00e1 tu experiencia viajera. Equipado con herramientas tecnol\u00f3gicas, este curso te ofrece ejemplos reales y situaciones que te preparar\u00e1n para disfrutar al m\u00e1ximo de cada aventura sin barreras ling\u00fc\u00edsticas.\" \/>\n<meta property=\"og:url\" content=\"https:\/\/languagesolutions.com.ar\/en\/product\/english-for-travellers\/\" \/>\n<meta property=\"og:site_name\" content=\"Language Solutions\" \/>\n<meta property=\"article:modified_time\" content=\"2024-12-04T18:20:26+00:00\" \/>\n<meta property=\"og:image\" content=\"https:\/\/languagesolutions.com.ar\/wp-content\/uploads\/2024\/11\/business.png\" \/>\n\t<meta property=\"og:image:width\" content=\"1528\" \/>\n\t<meta property=\"og:image:height\" content=\"800\" \/>\n\t<meta property=\"og:image:type\" content=\"image\/png\" \/>\n<meta name=\"twitter:card\" content=\"summary_large_image\" \/>\n<script type=\"application\/ld+json\" class=\"yoast-schema-graph\">{\"@context\":\"https:\/\/schema.org\",\"@graph\":[{\"@type\":\"WebPage\",\"@id\":\"https:\/\/languagesolutions.com.ar\/producto\/english-for-travellers\/\",\"url\":\"https:\/\/languagesolutions.com.ar\/producto\/english-for-travellers\/\",\"name\":\"English for Travellers - Language Solutions\",\"isPartOf\":{\"@id\":\"https:\/\/languagesolutions.com.ar\/#website\"},\"primaryImageOfPage\":{\"@id\":\"https:\/\/languagesolutions.com.ar\/producto\/english-for-travellers\/#primaryimage\"},\"image\":{\"@id\":\"https:\/\/languagesolutions.com.ar\/producto\/english-for-travellers\/#primaryimage\"},\"thumbnailUrl\":\"https:\/\/languagesolutions.com.ar\/wp-content\/uploads\/2024\/11\/business.png\",\"datePublished\":\"2024-11-14T15:00:27+00:00\",\"dateModified\":\"2024-12-04T18:20:26+00:00\",\"breadcrumb\":{\"@id\":\"https:\/\/languagesolutions.com.ar\/producto\/english-for-travellers\/#breadcrumb\"},\"inLanguage\":\"en-US\",\"potentialAction\":[{\"@type\":\"ReadAction\",\"target\":[\"https:\/\/languagesolutions.com.ar\/producto\/english-for-travellers\/\"]}]},{\"@type\":\"ImageObject\",\"inLanguage\":\"en-US\",\"@id\":\"https:\/\/languagesolutions.com.ar\/producto\/english-for-travellers\/#primaryimage\",\"url\":\"https:\/\/languagesolutions.com.ar\/wp-content\/uploads\/2024\/11\/business.png\",\"contentUrl\":\"https:\/\/languagesolutions.com.ar\/wp-content\/uploads\/2024\/11\/business.png\",\"width\":1528,\"height\":800},{\"@type\":\"BreadcrumbList\",\"@id\":\"https:\/\/languagesolutions.com.ar\/producto\/english-for-travellers\/#breadcrumb\",\"itemListElement\":[{\"@type\":\"ListItem\",\"position\":1,\"name\":\"Home\",\"item\":\"https:\/\/languagesolutions.com.ar\/\"},{\"@type\":\"ListItem\",\"position\":2,\"name\":\"Cursos\",\"item\":\"https:\/\/languagesolutions.com.ar\/cursos\/\"},{\"@type\":\"ListItem\",\"position\":3,\"name\":\"English for Travellers\"}]},{\"@type\":\"WebSite\",\"@id\":\"https:\/\/languagesolutions.com.ar\/#website\",\"url\":\"https:\/\/languagesolutions.com.ar\/\",\"name\":\"Language Solutions\",\"description\":\"\",\"potentialAction\":[{\"@type\":\"SearchAction\",\"target\":{\"@type\":\"EntryPoint\",\"urlTemplate\":\"https:\/\/languagesolutions.com.ar\/?s={search_term_string}\"},\"query-input\":{\"@type\":\"PropertyValueSpecification\",\"valueRequired\":true,\"valueName\":\"search_term_string\"}}],\"inLanguage\":\"en-US\"}]}<\/script>\n<!-- \/ Yoast SEO plugin. -->","yoast_head_json":{"title":"English for Travellers - Language Solutions","robots":{"index":"index","follow":"follow","max-snippet":"max-snippet:-1","max-image-preview":"max-image-preview:large","max-video-preview":"max-video-preview:-1"},"canonical":"https:\/\/languagesolutions.com.ar\/en\/product\/english-for-travellers\/","og_locale":"en_US","og_type":"article","og_title":"English for Travellers - Language Solutions","og_description":"INGL\u00c9S PARA VIAJEROS Ingl\u00e9s para Viajeros o 'English for Travellers' es un curso dise\u00f1ado especialmente para quienes desean comunicarse con confianza durante sus viajes. Con clases accesibles en cualquier momento, este programa te proporcionar\u00e1 el vocabulario y las expresiones esenciales para desenvolverte en situaciones cotidianas, desde el aeropuerto hasta la interacci\u00f3n con locales en tu destino. Adem\u00e1s de contenido pr\u00e1ctico, aprender\u00e1s sobre la cultura y las costumbres del idioma, lo que enriquecer\u00e1 tu experiencia viajera. Equipado con herramientas tecnol\u00f3gicas, este curso te ofrece ejemplos reales y situaciones que te preparar\u00e1n para disfrutar al m\u00e1ximo de cada aventura sin barreras ling\u00fc\u00edsticas.","og_url":"https:\/\/languagesolutions.com.ar\/en\/product\/english-for-travellers\/","og_site_name":"Language Solutions","article_modified_time":"2024-12-04T18:20:26+00:00","og_image":[{"width":1528,"height":800,"url":"https:\/\/languagesolutions.com.ar\/wp-content\/uploads\/2024\/11\/business.png","type":"image\/png"}],"twitter_card":"summary_large_image","schema":{"@context":"https:\/\/schema.org","@graph":[{"@type":"WebPage","@id":"https:\/\/languagesolutions.com.ar\/producto\/english-for-travellers\/","url":"https:\/\/languagesolutions.com.ar\/producto\/english-for-travellers\/","name":"English for Travellers - Language Solutions","isPartOf":{"@id":"https:\/\/languagesolutions.com.ar\/#website"},"primaryImageOfPage":{"@id":"https:\/\/languagesolutions.com.ar\/producto\/english-for-travellers\/#primaryimage"},"image":{"@id":"https:\/\/languagesolutions.com.ar\/producto\/english-for-travellers\/#primaryimage"},"thumbnailUrl":"https:\/\/languagesolutions.com.ar\/wp-content\/uploads\/2024\/11\/business.png","datePublished":"2024-11-14T15:00:27+00:00","dateModified":"2024-12-04T18:20:26+00:00","breadcrumb":{"@id":"https:\/\/languagesolutions.com.ar\/producto\/english-for-travellers\/#breadcrumb"},"inLanguage":"en-US","potentialAction":[{"@type":"ReadAction","target":["https:\/\/languagesolutions.com.ar\/producto\/english-for-travellers\/"]}]},{"@type":"ImageObject","inLanguage":"en-US","@id":"https:\/\/languagesolutions.com.ar\/producto\/english-for-travellers\/#primaryimage","url":"https:\/\/languagesolutions.com.ar\/wp-content\/uploads\/2024\/11\/business.png","contentUrl":"https:\/\/languagesolutions.com.ar\/wp-content\/uploads\/2024\/11\/business.png","width":1528,"height":800},{"@type":"BreadcrumbList","@id":"https:\/\/languagesolutions.com.ar\/producto\/english-for-travellers\/#breadcrumb","itemListElement":[{"@type":"ListItem","position":1,"name":"Home","item":"https:\/\/languagesolutions.com.ar\/"},{"@type":"ListItem","position":2,"name":"Cursos","item":"https:\/\/languagesolutions.com.ar\/cursos\/"},{"@type":"ListItem","position":3,"name":"English for Travellers"}]},{"@type":"WebSite","@id":"https:\/\/languagesolutions.com.ar\/#website","url":"https:\/\/languagesolutions.com.ar\/","name":"Language Solutions","description":"","potentialAction":[{"@type":"SearchAction","target":{"@type":"EntryPoint","urlTemplate":"https:\/\/languagesolutions.com.ar\/?s={search_term_string}"},"query-input":{"@type":"PropertyValueSpecification","valueRequired":true,"valueName":"search_term_string"}}],"inLanguage":"en-US"}]}},"_links":{"self":[{"href":"https:\/\/languagesolutions.com.ar\/en\/wp-json\/wp\/v2\/product\/449","targetHints":{"allow":["GET"]}}],"collection":[{"href":"https:\/\/languagesolutions.com.ar\/en\/wp-json\/wp\/v2\/product"}],"about":[{"href":"https:\/\/languagesolutions.com.ar\/en\/wp-json\/wp\/v2\/types\/product"}],"wp:featuredmedia":[{"embeddable":true,"href":"https:\/\/languagesolutions.com.ar\/en\/wp-json\/wp\/v2\/media\/577"}],"wp:attachment":[{"href":"https:\/\/languagesolutions.com.ar\/en\/wp-json\/wp\/v2\/media?parent=449"}],"wp:term":[{"taxonomy":"product_brand","embeddable":true,"href":"https:\/\/languagesolutions.com.ar\/en\/wp-json\/wp\/v2\/product_brand?post=449"},{"taxonomy":"product_cat","embeddable":true,"href":"https:\/\/languagesolutions.com.ar\/en\/wp-json\/wp\/v2\/product_cat?post=449"},{"taxonomy":"product_tag","embeddable":true,"href":"https:\/\/languagesolutions.com.ar\/en\/wp-json\/wp\/v2\/product_tag?post=449"}],"curies":[{"name":"wp","href":"https:\/\/api.w.org\/{rel}","templated":true}]}}