{"id":508,"date":"2024-11-20T10:21:34","date_gmt":"2024-11-20T13:21:34","guid":{"rendered":"http:\/\/fc167bf8a6.nxcli.io\/?post_type=product&#038;p=508"},"modified":"2024-12-04T16:04:12","modified_gmt":"2024-12-04T19:04:12","slug":"english-for-travellers-asincronico","status":"publish","type":"product","link":"https:\/\/languagesolutions.com.ar\/en\/product\/english-for-travellers-asincronico\/","title":{"rendered":"English for Travellers (asynchronous)"},"content":{"rendered":"","protected":false},"excerpt":{"rendered":"<p><span style=\"font-weight: 400;\">With classes accessible at any time, this program will provide you with the essential vocabulary and expressions to navigate everyday situations, from the airport to interacting with locals at your destination. In addition to practical content, you will learn about the culture and customs of the language, which will enrich your travel experience. Equipped with technological tools, this course offers you real-life examples and situations that will prepare you to make the most of every adventure without language barriers.<\/span><\/p>","protected":false},"featured_media":577,"template":"","meta":{"_acf_changed":false},"product_brand":[],"product_cat":[70,73,72,71],"product_tag":[],"class_list":{"0":"post-508","1":"product","2":"type-product","3":"status-publish","4":"has-post-thumbnail","6":"product_cat-adultos","7":"product_cat-asincronico","8":"product_cat-todos","9":"product_cat-travelles","11":"first","12":"instock","13":"shipping-taxable","14":"product-type-simple"},"acf":[],"yoast_head":"<!-- This site is optimized with the Yoast SEO plugin v26.4 - https:\/\/yoast.com\/wordpress\/plugins\/seo\/ -->\n<title>English for Travellers (asincr\u00f3nico) - Language Solutions<\/title>\n<meta name=\"robots\" content=\"index, follow, max-snippet:-1, max-image-preview:large, max-video-preview:-1\" \/>\n<link rel=\"canonical\" href=\"https:\/\/languagesolutions.com.ar\/en\/product\/english-for-travellers-asincronico\/\" \/>\n<meta property=\"og:locale\" content=\"en_US\" \/>\n<meta property=\"og:type\" content=\"article\" \/>\n<meta property=\"og:title\" content=\"English for Travellers (asincr\u00f3nico) - Language Solutions\" \/>\n<meta property=\"og:description\" content=\"Con clases accesibles en cualquier momento, este programa te proporcionar\u00e1 el vocabulario y las expresiones esenciales para desenvolverte en situaciones cotidianas, desde el aeropuerto hasta la interacci\u00f3n con locales en tu destino. Adem\u00e1s de contenido pr\u00e1ctico, aprender\u00e1s sobre la cultura y las costumbres del idioma, lo que enriquecer\u00e1 tu experiencia viajera. Equipado con herramientas tecnol\u00f3gicas, este curso te ofrece ejemplos reales y situaciones que te preparar\u00e1n para disfrutar al m\u00e1ximo de cada aventura sin barreras ling\u00fc\u00edsticas.\" \/>\n<meta property=\"og:url\" content=\"https:\/\/languagesolutions.com.ar\/en\/product\/english-for-travellers-asincronico\/\" \/>\n<meta property=\"og:site_name\" content=\"Language Solutions\" \/>\n<meta property=\"article:modified_time\" content=\"2024-12-04T19:04:12+00:00\" \/>\n<meta property=\"og:image\" content=\"https:\/\/languagesolutions.com.ar\/wp-content\/uploads\/2024\/11\/business.png\" \/>\n\t<meta property=\"og:image:width\" content=\"1528\" \/>\n\t<meta property=\"og:image:height\" content=\"800\" \/>\n\t<meta property=\"og:image:type\" content=\"image\/png\" \/>\n<meta name=\"twitter:card\" content=\"summary_large_image\" \/>\n<script type=\"application\/ld+json\" class=\"yoast-schema-graph\">{\"@context\":\"https:\/\/schema.org\",\"@graph\":[{\"@type\":\"WebPage\",\"@id\":\"https:\/\/languagesolutions.com.ar\/producto\/english-for-travellers-asincronico\/\",\"url\":\"https:\/\/languagesolutions.com.ar\/producto\/english-for-travellers-asincronico\/\",\"name\":\"English for Travellers (asincr\u00f3nico) - Language Solutions\",\"isPartOf\":{\"@id\":\"https:\/\/languagesolutions.com.ar\/#website\"},\"primaryImageOfPage\":{\"@id\":\"https:\/\/languagesolutions.com.ar\/producto\/english-for-travellers-asincronico\/#primaryimage\"},\"image\":{\"@id\":\"https:\/\/languagesolutions.com.ar\/producto\/english-for-travellers-asincronico\/#primaryimage\"},\"thumbnailUrl\":\"https:\/\/languagesolutions.com.ar\/wp-content\/uploads\/2024\/11\/business.png\",\"datePublished\":\"2024-11-20T13:21:34+00:00\",\"dateModified\":\"2024-12-04T19:04:12+00:00\",\"breadcrumb\":{\"@id\":\"https:\/\/languagesolutions.com.ar\/producto\/english-for-travellers-asincronico\/#breadcrumb\"},\"inLanguage\":\"en-US\",\"potentialAction\":[{\"@type\":\"ReadAction\",\"target\":[\"https:\/\/languagesolutions.com.ar\/producto\/english-for-travellers-asincronico\/\"]}]},{\"@type\":\"ImageObject\",\"inLanguage\":\"en-US\",\"@id\":\"https:\/\/languagesolutions.com.ar\/producto\/english-for-travellers-asincronico\/#primaryimage\",\"url\":\"https:\/\/languagesolutions.com.ar\/wp-content\/uploads\/2024\/11\/business.png\",\"contentUrl\":\"https:\/\/languagesolutions.com.ar\/wp-content\/uploads\/2024\/11\/business.png\",\"width\":1528,\"height\":800},{\"@type\":\"BreadcrumbList\",\"@id\":\"https:\/\/languagesolutions.com.ar\/producto\/english-for-travellers-asincronico\/#breadcrumb\",\"itemListElement\":[{\"@type\":\"ListItem\",\"position\":1,\"name\":\"Home\",\"item\":\"https:\/\/languagesolutions.com.ar\/\"},{\"@type\":\"ListItem\",\"position\":2,\"name\":\"Cursos\",\"item\":\"https:\/\/languagesolutions.com.ar\/cursos\/\"},{\"@type\":\"ListItem\",\"position\":3,\"name\":\"English for Travellers (asincr\u00f3nico)\"}]},{\"@type\":\"WebSite\",\"@id\":\"https:\/\/languagesolutions.com.ar\/#website\",\"url\":\"https:\/\/languagesolutions.com.ar\/\",\"name\":\"Language Solutions\",\"description\":\"\",\"potentialAction\":[{\"@type\":\"SearchAction\",\"target\":{\"@type\":\"EntryPoint\",\"urlTemplate\":\"https:\/\/languagesolutions.com.ar\/?s={search_term_string}\"},\"query-input\":{\"@type\":\"PropertyValueSpecification\",\"valueRequired\":true,\"valueName\":\"search_term_string\"}}],\"inLanguage\":\"en-US\"}]}<\/script>\n<!-- \/ Yoast SEO plugin. -->","yoast_head_json":{"title":"English for Travelers (asynchronous) - Language Solutions","robots":{"index":"index","follow":"follow","max-snippet":"max-snippet:-1","max-image-preview":"max-image-preview:large","max-video-preview":"max-video-preview:-1"},"canonical":"https:\/\/languagesolutions.com.ar\/en\/product\/english-for-travellers-asincronico\/","og_locale":"en_US","og_type":"article","og_title":"English for Travellers (asincr\u00f3nico) - Language Solutions","og_description":"Con clases accesibles en cualquier momento, este programa te proporcionar\u00e1 el vocabulario y las expresiones esenciales para desenvolverte en situaciones cotidianas, desde el aeropuerto hasta la interacci\u00f3n con locales en tu destino. Adem\u00e1s de contenido pr\u00e1ctico, aprender\u00e1s sobre la cultura y las costumbres del idioma, lo que enriquecer\u00e1 tu experiencia viajera. Equipado con herramientas tecnol\u00f3gicas, este curso te ofrece ejemplos reales y situaciones que te preparar\u00e1n para disfrutar al m\u00e1ximo de cada aventura sin barreras ling\u00fc\u00edsticas.","og_url":"https:\/\/languagesolutions.com.ar\/en\/product\/english-for-travellers-asincronico\/","og_site_name":"Language Solutions","article_modified_time":"2024-12-04T19:04:12+00:00","og_image":[{"width":1528,"height":800,"url":"https:\/\/languagesolutions.com.ar\/wp-content\/uploads\/2024\/11\/business.png","type":"image\/png"}],"twitter_card":"summary_large_image","schema":{"@context":"https:\/\/schema.org","@graph":[{"@type":"WebPage","@id":"https:\/\/languagesolutions.com.ar\/producto\/english-for-travellers-asincronico\/","url":"https:\/\/languagesolutions.com.ar\/producto\/english-for-travellers-asincronico\/","name":"English for Travelers (asynchronous) - Language Solutions","isPartOf":{"@id":"https:\/\/languagesolutions.com.ar\/#website"},"primaryImageOfPage":{"@id":"https:\/\/languagesolutions.com.ar\/producto\/english-for-travellers-asincronico\/#primaryimage"},"image":{"@id":"https:\/\/languagesolutions.com.ar\/producto\/english-for-travellers-asincronico\/#primaryimage"},"thumbnailUrl":"https:\/\/languagesolutions.com.ar\/wp-content\/uploads\/2024\/11\/business.png","datePublished":"2024-11-20T13:21:34+00:00","dateModified":"2024-12-04T19:04:12+00:00","breadcrumb":{"@id":"https:\/\/languagesolutions.com.ar\/producto\/english-for-travellers-asincronico\/#breadcrumb"},"inLanguage":"en-US","potentialAction":[{"@type":"ReadAction","target":["https:\/\/languagesolutions.com.ar\/producto\/english-for-travellers-asincronico\/"]}]},{"@type":"ImageObject","inLanguage":"en-US","@id":"https:\/\/languagesolutions.com.ar\/producto\/english-for-travellers-asincronico\/#primaryimage","url":"https:\/\/languagesolutions.com.ar\/wp-content\/uploads\/2024\/11\/business.png","contentUrl":"https:\/\/languagesolutions.com.ar\/wp-content\/uploads\/2024\/11\/business.png","width":1528,"height":800},{"@type":"BreadcrumbList","@id":"https:\/\/languagesolutions.com.ar\/producto\/english-for-travellers-asincronico\/#breadcrumb","itemListElement":[{"@type":"ListItem","position":1,"name":"Home","item":"https:\/\/languagesolutions.com.ar\/"},{"@type":"ListItem","position":2,"name":"Cursos","item":"https:\/\/languagesolutions.com.ar\/cursos\/"},{"@type":"ListItem","position":3,"name":"English for Travellers (asincr\u00f3nico)"}]},{"@type":"WebSite","@id":"https:\/\/languagesolutions.com.ar\/#website","url":"https:\/\/languagesolutions.com.ar\/","name":"Language Solutions","description":"","potentialAction":[{"@type":"SearchAction","target":{"@type":"EntryPoint","urlTemplate":"https:\/\/languagesolutions.com.ar\/?s={search_term_string}"},"query-input":{"@type":"PropertyValueSpecification","valueRequired":true,"valueName":"search_term_string"}}],"inLanguage":"en-US"}]}},"_links":{"self":[{"href":"https:\/\/languagesolutions.com.ar\/en\/wp-json\/wp\/v2\/product\/508","targetHints":{"allow":["GET"]}}],"collection":[{"href":"https:\/\/languagesolutions.com.ar\/en\/wp-json\/wp\/v2\/product"}],"about":[{"href":"https:\/\/languagesolutions.com.ar\/en\/wp-json\/wp\/v2\/types\/product"}],"wp:featuredmedia":[{"embeddable":true,"href":"https:\/\/languagesolutions.com.ar\/en\/wp-json\/wp\/v2\/media\/577"}],"wp:attachment":[{"href":"https:\/\/languagesolutions.com.ar\/en\/wp-json\/wp\/v2\/media?parent=508"}],"wp:term":[{"taxonomy":"product_brand","embeddable":true,"href":"https:\/\/languagesolutions.com.ar\/en\/wp-json\/wp\/v2\/product_brand?post=508"},{"taxonomy":"product_cat","embeddable":true,"href":"https:\/\/languagesolutions.com.ar\/en\/wp-json\/wp\/v2\/product_cat?post=508"},{"taxonomy":"product_tag","embeddable":true,"href":"https:\/\/languagesolutions.com.ar\/en\/wp-json\/wp\/v2\/product_tag?post=508"}],"curies":[{"name":"wp","href":"https:\/\/api.w.org\/{rel}","templated":true}]}}