{"id":510,"date":"2024-11-20T10:22:59","date_gmt":"2024-11-20T13:22:59","guid":{"rendered":"http:\/\/fc167bf8a6.nxcli.io\/?post_type=product&#038;p=510"},"modified":"2025-04-24T17:35:52","modified_gmt":"2025-04-24T20:35:52","slug":"cursos-regulares-ninos","status":"publish","type":"product","link":"https:\/\/languagesolutions.com.ar\/en\/product\/cursos-regulares-ninos\/","title":{"rendered":"Beginner: Children"},"content":{"rendered":"","protected":false},"excerpt":{"rendered":"<p>This course is designed especially for children who are taking their first steps in learning English. With a focus <strong>playful and dynamic<\/strong>We seek to awaken the interest and curiosity of the little ones for the language, providing them with a solid foundation for their future development.<\/p>\n<p>Through activities <strong>fun and interactive<\/strong>, such as songs, games, stories and crafts, children will learn basic vocabulary, everyday phrases and essential expressions in a <strong>natural and entertaining<\/strong>. In addition, we encourage the development of communication skills <strong>listen<\/strong>, <strong>speaks<\/strong> and <strong>comprehension<\/strong> from day one.<\/p>\n<p>Our classes are in <strong>small groups<\/strong>, which allows us to offer a <strong>personalized attention<\/strong> to each child and adapt the content to their learning pace. We use <strong>modern technological resources<\/strong> and attractive visual materials to ensure an enriching experience.<\/p>\n<p>With this course, children will not only learn English, but will also develop confidence in their ability to <strong>communicate and express yourself<\/strong>, while having fun and enjoying each lesson.<\/p>\n<p>A first step towards a future full of possibilities! Enroll your child today!<\/p>","protected":false},"featured_media":707,"template":"","meta":{"_acf_changed":false},"product_brand":[],"product_cat":[75],"product_tag":[],"class_list":{"0":"post-510","1":"product","2":"type-product","3":"status-publish","4":"has-post-thumbnail","6":"product_cat-cursos-regulares","8":"first","9":"instock","10":"shipping-taxable","11":"product-type-simple"},"acf":[],"yoast_head":"<!-- This site is optimized with the Yoast SEO plugin v26.4 - https:\/\/yoast.com\/wordpress\/plugins\/seo\/ -->\n<title>Beginner: Children - Language Solutions<\/title>\n<meta name=\"robots\" content=\"index, follow, max-snippet:-1, max-image-preview:large, max-video-preview:-1\" \/>\n<link rel=\"canonical\" href=\"https:\/\/languagesolutions.com.ar\/en\/product\/cursos-regulares-ninos\/\" \/>\n<meta property=\"og:locale\" content=\"en_US\" \/>\n<meta property=\"og:type\" content=\"article\" \/>\n<meta property=\"og:title\" content=\"Beginner: Children - Language Solutions\" \/>\n<meta property=\"og:description\" content=\"Este curso est\u00e1 dise\u00f1ado especialmente para ni\u00f1os que est\u00e1n dando sus primeros pasos en el aprendizaje del ingl\u00e9s. Con un enfoque l\u00fadico y din\u00e1mico, buscamos despertar el inter\u00e9s y la curiosidad de los m\u00e1s peque\u00f1os por el idioma, brind\u00e1ndoles una base s\u00f3lida para su desarrollo futuro.  A trav\u00e9s de actividades divertidas e interactivas, como canciones, juegos, cuentos y manualidades, los ni\u00f1os aprender\u00e1n vocabulario b\u00e1sico, frases cotidianas y expresiones esenciales de manera natural y entretenida. Adem\u00e1s, fomentamos el desarrollo de las habilidades de escucha, habla y comprensi\u00f3n desde el primer d\u00eda.  Nuestras clases son en grupos reducidos, lo que nos permite ofrecer una atenci\u00f3n personalizada a cada ni\u00f1o y adaptar los contenidos a su ritmo de aprendizaje. Utilizamos recursos tecnol\u00f3gicos modernos y materiales visuales atractivos para garantizar una experiencia enriquecedora.  Con este curso, los ni\u00f1os no solo aprender\u00e1n ingl\u00e9s, sino que tambi\u00e9n desarrollar\u00e1n confianza en su capacidad para comunicarse y expresarse, mientras se divierten y disfrutan de cada lecci\u00f3n.  \u00a1Un primer paso hacia un futuro lleno de posibilidades! \u00a1Inscrib\u00ed a tu hijo hoy!\" \/>\n<meta property=\"og:url\" content=\"https:\/\/languagesolutions.com.ar\/en\/product\/cursos-regulares-ninos\/\" \/>\n<meta property=\"og:site_name\" content=\"Language Solutions\" \/>\n<meta property=\"article:modified_time\" content=\"2025-04-24T20:35:52+00:00\" \/>\n<meta property=\"og:image\" content=\"https:\/\/languagesolutions.com.ar\/wp-content\/uploads\/2024\/11\/diseno3.png\" \/>\n\t<meta property=\"og:image:width\" content=\"1080\" \/>\n\t<meta property=\"og:image:height\" content=\"1080\" \/>\n\t<meta property=\"og:image:type\" content=\"image\/png\" \/>\n<meta name=\"twitter:card\" content=\"summary_large_image\" \/>\n<script type=\"application\/ld+json\" class=\"yoast-schema-graph\">{\"@context\":\"https:\/\/schema.org\",\"@graph\":[{\"@type\":\"WebPage\",\"@id\":\"https:\/\/languagesolutions.com.ar\/producto\/cursos-regulares-ninos\/\",\"url\":\"https:\/\/languagesolutions.com.ar\/producto\/cursos-regulares-ninos\/\",\"name\":\"Beginner: Children - Language Solutions\",\"isPartOf\":{\"@id\":\"https:\/\/languagesolutions.com.ar\/#website\"},\"primaryImageOfPage\":{\"@id\":\"https:\/\/languagesolutions.com.ar\/producto\/cursos-regulares-ninos\/#primaryimage\"},\"image\":{\"@id\":\"https:\/\/languagesolutions.com.ar\/producto\/cursos-regulares-ninos\/#primaryimage\"},\"thumbnailUrl\":\"https:\/\/languagesolutions.com.ar\/wp-content\/uploads\/2024\/11\/diseno3.png\",\"datePublished\":\"2024-11-20T13:22:59+00:00\",\"dateModified\":\"2025-04-24T20:35:52+00:00\",\"breadcrumb\":{\"@id\":\"https:\/\/languagesolutions.com.ar\/producto\/cursos-regulares-ninos\/#breadcrumb\"},\"inLanguage\":\"en-US\",\"potentialAction\":[{\"@type\":\"ReadAction\",\"target\":[\"https:\/\/languagesolutions.com.ar\/producto\/cursos-regulares-ninos\/\"]}]},{\"@type\":\"ImageObject\",\"inLanguage\":\"en-US\",\"@id\":\"https:\/\/languagesolutions.com.ar\/producto\/cursos-regulares-ninos\/#primaryimage\",\"url\":\"https:\/\/languagesolutions.com.ar\/wp-content\/uploads\/2024\/11\/diseno3.png\",\"contentUrl\":\"https:\/\/languagesolutions.com.ar\/wp-content\/uploads\/2024\/11\/diseno3.png\",\"width\":1080,\"height\":1080},{\"@type\":\"BreadcrumbList\",\"@id\":\"https:\/\/languagesolutions.com.ar\/producto\/cursos-regulares-ninos\/#breadcrumb\",\"itemListElement\":[{\"@type\":\"ListItem\",\"position\":1,\"name\":\"Home\",\"item\":\"https:\/\/languagesolutions.com.ar\/\"},{\"@type\":\"ListItem\",\"position\":2,\"name\":\"Cursos\",\"item\":\"https:\/\/languagesolutions.com.ar\/cursos\/\"},{\"@type\":\"ListItem\",\"position\":3,\"name\":\"Beginner: Children\"}]},{\"@type\":\"WebSite\",\"@id\":\"https:\/\/languagesolutions.com.ar\/#website\",\"url\":\"https:\/\/languagesolutions.com.ar\/\",\"name\":\"Language Solutions\",\"description\":\"\",\"potentialAction\":[{\"@type\":\"SearchAction\",\"target\":{\"@type\":\"EntryPoint\",\"urlTemplate\":\"https:\/\/languagesolutions.com.ar\/?s={search_term_string}\"},\"query-input\":{\"@type\":\"PropertyValueSpecification\",\"valueRequired\":true,\"valueName\":\"search_term_string\"}}],\"inLanguage\":\"en-US\"}]}<\/script>\n<!-- \/ Yoast SEO plugin. -->","yoast_head_json":{"title":"Beginner: Children - Language Solutions","robots":{"index":"index","follow":"follow","max-snippet":"max-snippet:-1","max-image-preview":"max-image-preview:large","max-video-preview":"max-video-preview:-1"},"canonical":"https:\/\/languagesolutions.com.ar\/en\/product\/cursos-regulares-ninos\/","og_locale":"en_US","og_type":"article","og_title":"Beginner: Children - Language Solutions","og_description":"Este curso est\u00e1 dise\u00f1ado especialmente para ni\u00f1os que est\u00e1n dando sus primeros pasos en el aprendizaje del ingl\u00e9s. Con un enfoque l\u00fadico y din\u00e1mico, buscamos despertar el inter\u00e9s y la curiosidad de los m\u00e1s peque\u00f1os por el idioma, brind\u00e1ndoles una base s\u00f3lida para su desarrollo futuro.  A trav\u00e9s de actividades divertidas e interactivas, como canciones, juegos, cuentos y manualidades, los ni\u00f1os aprender\u00e1n vocabulario b\u00e1sico, frases cotidianas y expresiones esenciales de manera natural y entretenida. Adem\u00e1s, fomentamos el desarrollo de las habilidades de escucha, habla y comprensi\u00f3n desde el primer d\u00eda.  Nuestras clases son en grupos reducidos, lo que nos permite ofrecer una atenci\u00f3n personalizada a cada ni\u00f1o y adaptar los contenidos a su ritmo de aprendizaje. Utilizamos recursos tecnol\u00f3gicos modernos y materiales visuales atractivos para garantizar una experiencia enriquecedora.  Con este curso, los ni\u00f1os no solo aprender\u00e1n ingl\u00e9s, sino que tambi\u00e9n desarrollar\u00e1n confianza en su capacidad para comunicarse y expresarse, mientras se divierten y disfrutan de cada lecci\u00f3n.  \u00a1Un primer paso hacia un futuro lleno de posibilidades! \u00a1Inscrib\u00ed a tu hijo hoy!","og_url":"https:\/\/languagesolutions.com.ar\/en\/product\/cursos-regulares-ninos\/","og_site_name":"Language Solutions","article_modified_time":"2025-04-24T20:35:52+00:00","og_image":[{"width":1080,"height":1080,"url":"https:\/\/languagesolutions.com.ar\/wp-content\/uploads\/2024\/11\/diseno3.png","type":"image\/png"}],"twitter_card":"summary_large_image","schema":{"@context":"https:\/\/schema.org","@graph":[{"@type":"WebPage","@id":"https:\/\/languagesolutions.com.ar\/producto\/cursos-regulares-ninos\/","url":"https:\/\/languagesolutions.com.ar\/producto\/cursos-regulares-ninos\/","name":"Beginner: Children - Language Solutions","isPartOf":{"@id":"https:\/\/languagesolutions.com.ar\/#website"},"primaryImageOfPage":{"@id":"https:\/\/languagesolutions.com.ar\/producto\/cursos-regulares-ninos\/#primaryimage"},"image":{"@id":"https:\/\/languagesolutions.com.ar\/producto\/cursos-regulares-ninos\/#primaryimage"},"thumbnailUrl":"https:\/\/languagesolutions.com.ar\/wp-content\/uploads\/2024\/11\/diseno3.png","datePublished":"2024-11-20T13:22:59+00:00","dateModified":"2025-04-24T20:35:52+00:00","breadcrumb":{"@id":"https:\/\/languagesolutions.com.ar\/producto\/cursos-regulares-ninos\/#breadcrumb"},"inLanguage":"en-US","potentialAction":[{"@type":"ReadAction","target":["https:\/\/languagesolutions.com.ar\/producto\/cursos-regulares-ninos\/"]}]},{"@type":"ImageObject","inLanguage":"en-US","@id":"https:\/\/languagesolutions.com.ar\/producto\/cursos-regulares-ninos\/#primaryimage","url":"https:\/\/languagesolutions.com.ar\/wp-content\/uploads\/2024\/11\/diseno3.png","contentUrl":"https:\/\/languagesolutions.com.ar\/wp-content\/uploads\/2024\/11\/diseno3.png","width":1080,"height":1080},{"@type":"BreadcrumbList","@id":"https:\/\/languagesolutions.com.ar\/producto\/cursos-regulares-ninos\/#breadcrumb","itemListElement":[{"@type":"ListItem","position":1,"name":"Home","item":"https:\/\/languagesolutions.com.ar\/"},{"@type":"ListItem","position":2,"name":"Cursos","item":"https:\/\/languagesolutions.com.ar\/cursos\/"},{"@type":"ListItem","position":3,"name":"Beginner: Children"}]},{"@type":"WebSite","@id":"https:\/\/languagesolutions.com.ar\/#website","url":"https:\/\/languagesolutions.com.ar\/","name":"Language Solutions","description":"","potentialAction":[{"@type":"SearchAction","target":{"@type":"EntryPoint","urlTemplate":"https:\/\/languagesolutions.com.ar\/?s={search_term_string}"},"query-input":{"@type":"PropertyValueSpecification","valueRequired":true,"valueName":"search_term_string"}}],"inLanguage":"en-US"}]}},"_links":{"self":[{"href":"https:\/\/languagesolutions.com.ar\/en\/wp-json\/wp\/v2\/product\/510","targetHints":{"allow":["GET"]}}],"collection":[{"href":"https:\/\/languagesolutions.com.ar\/en\/wp-json\/wp\/v2\/product"}],"about":[{"href":"https:\/\/languagesolutions.com.ar\/en\/wp-json\/wp\/v2\/types\/product"}],"wp:featuredmedia":[{"embeddable":true,"href":"https:\/\/languagesolutions.com.ar\/en\/wp-json\/wp\/v2\/media\/707"}],"wp:attachment":[{"href":"https:\/\/languagesolutions.com.ar\/en\/wp-json\/wp\/v2\/media?parent=510"}],"wp:term":[{"taxonomy":"product_brand","embeddable":true,"href":"https:\/\/languagesolutions.com.ar\/en\/wp-json\/wp\/v2\/product_brand?post=510"},{"taxonomy":"product_cat","embeddable":true,"href":"https:\/\/languagesolutions.com.ar\/en\/wp-json\/wp\/v2\/product_cat?post=510"},{"taxonomy":"product_tag","embeddable":true,"href":"https:\/\/languagesolutions.com.ar\/en\/wp-json\/wp\/v2\/product_tag?post=510"}],"curies":[{"name":"wp","href":"https:\/\/api.w.org\/{rel}","templated":true}]}}