{"id":514,"date":"2024-11-20T10:26:20","date_gmt":"2024-11-20T13:26:20","guid":{"rendered":"http:\/\/fc167bf8a6.nxcli.io\/?post_type=product&#038;p=514"},"modified":"2025-04-24T17:34:37","modified_gmt":"2025-04-24T20:34:37","slug":"cursos-regulares-adultos","status":"publish","type":"product","link":"https:\/\/languagesolutions.com.ar\/en\/product\/cursos-regulares-adultos\/","title":{"rendered":"Advanced: FCE \u2013 CAE"},"content":{"rendered":"","protected":false},"excerpt":{"rendered":"<p>This course is designed for students with an advanced level of English who are looking to <strong>perfect your command of the language<\/strong> and prepare to obtain recognized international certifications, such as the <strong>FCE (First Certificate in English)<\/strong> and the <strong>CAE (Certificate in Advanced English)<\/strong> from Cambridge.<\/p>\n<p>Throughout the course, you will work intensively on the <strong>Four fundamental language skills<\/strong>: <strong>reading<\/strong>, <strong>writing<\/strong>, <strong>listening comprehension<\/strong> and <strong>oral expression<\/strong>, with a special focus on the accurate and fluent use of English in academic and professional contexts.<\/p>\n<p>Our classes are <strong>dynamic, practical and interactive<\/strong>, designed to simulate <strong>real and challenging situations<\/strong> that will allow you to apply what you have learned effectively. In addition, we use <strong>updated material<\/strong>, such as authentic texts and audios, and we make <strong>mock exams<\/strong> so that you arrive prepared and confident when taking your certification.<\/p>\n<p>You will have a <strong>personalized tracking<\/strong> that will help you achieve your specific goals, whether you want to excel in your professional career, study abroad, or demonstrate your advanced language proficiency.<\/p>\n<p>Enroll now and take your English skills to the next level!<\/p>","protected":false},"featured_media":707,"template":"","meta":{"_acf_changed":false},"product_brand":[],"product_cat":[75],"product_tag":[],"class_list":{"0":"post-514","1":"product","2":"type-product","3":"status-publish","4":"has-post-thumbnail","6":"product_cat-cursos-regulares","8":"first","9":"instock","10":"shipping-taxable","11":"product-type-simple"},"acf":[],"yoast_head":"<!-- This site is optimized with the Yoast SEO plugin v26.4 - https:\/\/yoast.com\/wordpress\/plugins\/seo\/ -->\n<title>Advanced: FCE - CAE - Language Solutions<\/title>\n<meta name=\"robots\" content=\"index, follow, max-snippet:-1, max-image-preview:large, max-video-preview:-1\" \/>\n<link rel=\"canonical\" href=\"https:\/\/languagesolutions.com.ar\/en\/product\/cursos-regulares-adultos\/\" \/>\n<meta property=\"og:locale\" content=\"en_US\" \/>\n<meta property=\"og:type\" content=\"article\" \/>\n<meta property=\"og:title\" content=\"Advanced: FCE - CAE - Language Solutions\" \/>\n<meta property=\"og:description\" content=\"Este curso est\u00e1 dise\u00f1ado para estudiantes con un nivel avanzado de ingl\u00e9s que buscan perfeccionar su dominio del idioma y prepararse para obtener certificaciones internacionales reconocidas, como el FCE (First Certificate in English) y el CAE (Certificate in Advanced English) de Cambridge.  A lo largo del curso, trabajar\u00e1s intensivamente en las cuatro habilidades fundamentales del idioma: lectura, escritura, comprensi\u00f3n auditiva y expresi\u00f3n oral, con un enfoque especial en el uso preciso y fluido del ingl\u00e9s en contextos acad\u00e9micos y profesionales.  Nuestras clases son din\u00e1micas, pr\u00e1cticas e interactivas, dise\u00f1adas para simular situaciones reales y desafiantes que te permitir\u00e1n aplicar lo aprendido de manera efectiva. Adem\u00e1s, utilizamos material actualizado, como textos y audios aut\u00e9nticos, y realizamos simulacros de examen para que llegues preparado y seguro al momento de rendir tu certificaci\u00f3n.  Contar\u00e1s con un seguimiento personalizado que te ayudar\u00e1 a alcanzar tus objetivos espec\u00edficos, ya sea que desees destacarte en tu carrera profesional, estudiar en el extranjero o demostrar tu dominio avanzado del idioma.  \u00a1Inscribite ahora y llev\u00e1 tus habilidades de ingl\u00e9s al pr\u00f3ximo nivel!\" \/>\n<meta property=\"og:url\" content=\"https:\/\/languagesolutions.com.ar\/en\/product\/cursos-regulares-adultos\/\" \/>\n<meta property=\"og:site_name\" content=\"Language Solutions\" \/>\n<meta property=\"article:modified_time\" content=\"2025-04-24T20:34:37+00:00\" \/>\n<meta property=\"og:image\" content=\"https:\/\/languagesolutions.com.ar\/wp-content\/uploads\/2024\/11\/diseno3.png\" \/>\n\t<meta property=\"og:image:width\" content=\"1080\" \/>\n\t<meta property=\"og:image:height\" content=\"1080\" \/>\n\t<meta property=\"og:image:type\" content=\"image\/png\" \/>\n<meta name=\"twitter:card\" content=\"summary_large_image\" \/>\n<script type=\"application\/ld+json\" class=\"yoast-schema-graph\">{\"@context\":\"https:\/\/schema.org\",\"@graph\":[{\"@type\":\"WebPage\",\"@id\":\"https:\/\/languagesolutions.com.ar\/producto\/cursos-regulares-adultos\/\",\"url\":\"https:\/\/languagesolutions.com.ar\/producto\/cursos-regulares-adultos\/\",\"name\":\"Advanced: FCE - CAE - Language Solutions\",\"isPartOf\":{\"@id\":\"https:\/\/languagesolutions.com.ar\/#website\"},\"primaryImageOfPage\":{\"@id\":\"https:\/\/languagesolutions.com.ar\/producto\/cursos-regulares-adultos\/#primaryimage\"},\"image\":{\"@id\":\"https:\/\/languagesolutions.com.ar\/producto\/cursos-regulares-adultos\/#primaryimage\"},\"thumbnailUrl\":\"https:\/\/languagesolutions.com.ar\/wp-content\/uploads\/2024\/11\/diseno3.png\",\"datePublished\":\"2024-11-20T13:26:20+00:00\",\"dateModified\":\"2025-04-24T20:34:37+00:00\",\"breadcrumb\":{\"@id\":\"https:\/\/languagesolutions.com.ar\/producto\/cursos-regulares-adultos\/#breadcrumb\"},\"inLanguage\":\"en-US\",\"potentialAction\":[{\"@type\":\"ReadAction\",\"target\":[\"https:\/\/languagesolutions.com.ar\/producto\/cursos-regulares-adultos\/\"]}]},{\"@type\":\"ImageObject\",\"inLanguage\":\"en-US\",\"@id\":\"https:\/\/languagesolutions.com.ar\/producto\/cursos-regulares-adultos\/#primaryimage\",\"url\":\"https:\/\/languagesolutions.com.ar\/wp-content\/uploads\/2024\/11\/diseno3.png\",\"contentUrl\":\"https:\/\/languagesolutions.com.ar\/wp-content\/uploads\/2024\/11\/diseno3.png\",\"width\":1080,\"height\":1080},{\"@type\":\"BreadcrumbList\",\"@id\":\"https:\/\/languagesolutions.com.ar\/producto\/cursos-regulares-adultos\/#breadcrumb\",\"itemListElement\":[{\"@type\":\"ListItem\",\"position\":1,\"name\":\"Home\",\"item\":\"https:\/\/languagesolutions.com.ar\/\"},{\"@type\":\"ListItem\",\"position\":2,\"name\":\"Cursos\",\"item\":\"https:\/\/languagesolutions.com.ar\/cursos\/\"},{\"@type\":\"ListItem\",\"position\":3,\"name\":\"Advanced: FCE &#8211; CAE\"}]},{\"@type\":\"WebSite\",\"@id\":\"https:\/\/languagesolutions.com.ar\/#website\",\"url\":\"https:\/\/languagesolutions.com.ar\/\",\"name\":\"Language Solutions\",\"description\":\"\",\"potentialAction\":[{\"@type\":\"SearchAction\",\"target\":{\"@type\":\"EntryPoint\",\"urlTemplate\":\"https:\/\/languagesolutions.com.ar\/?s={search_term_string}\"},\"query-input\":{\"@type\":\"PropertyValueSpecification\",\"valueRequired\":true,\"valueName\":\"search_term_string\"}}],\"inLanguage\":\"en-US\"}]}<\/script>\n<!-- \/ Yoast SEO plugin. -->","yoast_head_json":{"title":"Advanced: FCE - CAE - Language Solutions","robots":{"index":"index","follow":"follow","max-snippet":"max-snippet:-1","max-image-preview":"max-image-preview:large","max-video-preview":"max-video-preview:-1"},"canonical":"https:\/\/languagesolutions.com.ar\/en\/product\/cursos-regulares-adultos\/","og_locale":"en_US","og_type":"article","og_title":"Advanced: FCE - CAE - Language Solutions","og_description":"Este curso est\u00e1 dise\u00f1ado para estudiantes con un nivel avanzado de ingl\u00e9s que buscan perfeccionar su dominio del idioma y prepararse para obtener certificaciones internacionales reconocidas, como el FCE (First Certificate in English) y el CAE (Certificate in Advanced English) de Cambridge.  A lo largo del curso, trabajar\u00e1s intensivamente en las cuatro habilidades fundamentales del idioma: lectura, escritura, comprensi\u00f3n auditiva y expresi\u00f3n oral, con un enfoque especial en el uso preciso y fluido del ingl\u00e9s en contextos acad\u00e9micos y profesionales.  Nuestras clases son din\u00e1micas, pr\u00e1cticas e interactivas, dise\u00f1adas para simular situaciones reales y desafiantes que te permitir\u00e1n aplicar lo aprendido de manera efectiva. Adem\u00e1s, utilizamos material actualizado, como textos y audios aut\u00e9nticos, y realizamos simulacros de examen para que llegues preparado y seguro al momento de rendir tu certificaci\u00f3n.  Contar\u00e1s con un seguimiento personalizado que te ayudar\u00e1 a alcanzar tus objetivos espec\u00edficos, ya sea que desees destacarte en tu carrera profesional, estudiar en el extranjero o demostrar tu dominio avanzado del idioma.  \u00a1Inscribite ahora y llev\u00e1 tus habilidades de ingl\u00e9s al pr\u00f3ximo nivel!","og_url":"https:\/\/languagesolutions.com.ar\/en\/product\/cursos-regulares-adultos\/","og_site_name":"Language Solutions","article_modified_time":"2025-04-24T20:34:37+00:00","og_image":[{"width":1080,"height":1080,"url":"https:\/\/languagesolutions.com.ar\/wp-content\/uploads\/2024\/11\/diseno3.png","type":"image\/png"}],"twitter_card":"summary_large_image","schema":{"@context":"https:\/\/schema.org","@graph":[{"@type":"WebPage","@id":"https:\/\/languagesolutions.com.ar\/producto\/cursos-regulares-adultos\/","url":"https:\/\/languagesolutions.com.ar\/producto\/cursos-regulares-adultos\/","name":"Advanced: FCE - CAE - Language Solutions","isPartOf":{"@id":"https:\/\/languagesolutions.com.ar\/#website"},"primaryImageOfPage":{"@id":"https:\/\/languagesolutions.com.ar\/producto\/cursos-regulares-adultos\/#primaryimage"},"image":{"@id":"https:\/\/languagesolutions.com.ar\/producto\/cursos-regulares-adultos\/#primaryimage"},"thumbnailUrl":"https:\/\/languagesolutions.com.ar\/wp-content\/uploads\/2024\/11\/diseno3.png","datePublished":"2024-11-20T13:26:20+00:00","dateModified":"2025-04-24T20:34:37+00:00","breadcrumb":{"@id":"https:\/\/languagesolutions.com.ar\/producto\/cursos-regulares-adultos\/#breadcrumb"},"inLanguage":"en-US","potentialAction":[{"@type":"ReadAction","target":["https:\/\/languagesolutions.com.ar\/producto\/cursos-regulares-adultos\/"]}]},{"@type":"ImageObject","inLanguage":"en-US","@id":"https:\/\/languagesolutions.com.ar\/producto\/cursos-regulares-adultos\/#primaryimage","url":"https:\/\/languagesolutions.com.ar\/wp-content\/uploads\/2024\/11\/diseno3.png","contentUrl":"https:\/\/languagesolutions.com.ar\/wp-content\/uploads\/2024\/11\/diseno3.png","width":1080,"height":1080},{"@type":"BreadcrumbList","@id":"https:\/\/languagesolutions.com.ar\/producto\/cursos-regulares-adultos\/#breadcrumb","itemListElement":[{"@type":"ListItem","position":1,"name":"Home","item":"https:\/\/languagesolutions.com.ar\/"},{"@type":"ListItem","position":2,"name":"Cursos","item":"https:\/\/languagesolutions.com.ar\/cursos\/"},{"@type":"ListItem","position":3,"name":"Advanced: FCE &#8211; CAE"}]},{"@type":"WebSite","@id":"https:\/\/languagesolutions.com.ar\/#website","url":"https:\/\/languagesolutions.com.ar\/","name":"Language Solutions","description":"","potentialAction":[{"@type":"SearchAction","target":{"@type":"EntryPoint","urlTemplate":"https:\/\/languagesolutions.com.ar\/?s={search_term_string}"},"query-input":{"@type":"PropertyValueSpecification","valueRequired":true,"valueName":"search_term_string"}}],"inLanguage":"en-US"}]}},"_links":{"self":[{"href":"https:\/\/languagesolutions.com.ar\/en\/wp-json\/wp\/v2\/product\/514","targetHints":{"allow":["GET"]}}],"collection":[{"href":"https:\/\/languagesolutions.com.ar\/en\/wp-json\/wp\/v2\/product"}],"about":[{"href":"https:\/\/languagesolutions.com.ar\/en\/wp-json\/wp\/v2\/types\/product"}],"wp:featuredmedia":[{"embeddable":true,"href":"https:\/\/languagesolutions.com.ar\/en\/wp-json\/wp\/v2\/media\/707"}],"wp:attachment":[{"href":"https:\/\/languagesolutions.com.ar\/en\/wp-json\/wp\/v2\/media?parent=514"}],"wp:term":[{"taxonomy":"product_brand","embeddable":true,"href":"https:\/\/languagesolutions.com.ar\/en\/wp-json\/wp\/v2\/product_brand?post=514"},{"taxonomy":"product_cat","embeddable":true,"href":"https:\/\/languagesolutions.com.ar\/en\/wp-json\/wp\/v2\/product_cat?post=514"},{"taxonomy":"product_tag","embeddable":true,"href":"https:\/\/languagesolutions.com.ar\/en\/wp-json\/wp\/v2\/product_tag?post=514"}],"curies":[{"name":"wp","href":"https:\/\/api.w.org\/{rel}","templated":true}]}}